{"id":2223,"date":"2022-01-06T01:02:37","date_gmt":"2022-01-06T00:02:37","guid":{"rendered":"https:\/\/bebacomputers.com\/?page_id=2223"},"modified":"2022-01-06T01:08:37","modified_gmt":"2022-01-06T00:08:37","slug":"el-diseno-y-marca-digital","status":"publish","type":"page","link":"https:\/\/bebacomputers.com\/?page_id=2223&lang=es","title":{"rendered":"El dise\u00f1o y marca digital"},"content":{"rendered":"\t\t<div data-elementor-type=\"wp-page\" data-elementor-id=\"2223\" class=\"elementor elementor-2223\" data-elementor-settings=\"[]\">\n\t\t\t\t\t\t\t<div class=\"elementor-section-wrap\">\n\t\t\t\t\t\t\t<section class=\"elementor-section elementor-top-section elementor-element elementor-element-479365ac elementor-section-content-middle elementor-section-height-min-height elementor-section-boxed elementor-section-height-default elementor-section-items-middle\" data-id=\"479365ac\" data-element_type=\"section\" data-settings=\"{&quot;background_background&quot;:&quot;classic&quot;}\">\n\t\t\t\t\t\t\t<div class=\"elementor-background-overlay\"><\/div>\n\t\t\t\t\t\t\t<div class=\"elementor-container elementor-column-gap-default\">\n\t\t\t\t\t<div class=\"elementor-column elementor-col-100 elementor-top-column elementor-element elementor-element-2f048d\" data-id=\"2f048d\" data-element_type=\"column\">\n\t\t\t<div class=\"elementor-widget-wrap elementor-element-populated\">\n\t\t\t\t\t\t\t\t<div class=\"elementor-element elementor-element-29438305 elementor-invisible elementor-widget elementor-widget-heading\" data-id=\"29438305\" data-element_type=\"widget\" data-settings=\"{&quot;_animation&quot;:&quot;fadeIn&quot;,&quot;_animation_delay&quot;:200}\" data-widget_type=\"heading.default\">\n\t\t\t\t<div class=\"elementor-widget-container\">\n\t\t\t<h1 class=\"elementor-heading-title elementor-size-default\">El dise\u00f1o y marca digital<\/h1>\t\t<\/div>\n\t\t\t\t<\/div>\n\t\t\t\t<div class=\"elementor-element elementor-element-1bad214e elementor-invisible elementor-widget elementor-widget-text-editor\" data-id=\"1bad214e\" data-element_type=\"widget\" data-settings=\"{&quot;_animation&quot;:&quot;fadeIn&quot;,&quot;_animation_delay&quot;:200}\" data-widget_type=\"text-editor.default\">\n\t\t\t\t<div class=\"elementor-widget-container\">\n\t\t\t\t\t\t\t<p>Ofrecemos todo lo que necesita para diferenciarse visualmente de la competencia.<\/p>\t\t\t\t\t\t<\/div>\n\t\t\t\t<\/div>\n\t\t\t\t\t<\/div>\n\t\t<\/div>\n\t\t\t\t\t\t\t<\/div>\n\t\t<\/section>\n\t\t\t\t<section class=\"elementor-section elementor-top-section elementor-element elementor-element-9a69d37 elementor-section-boxed elementor-section-height-default elementor-section-height-default\" data-id=\"9a69d37\" data-element_type=\"section\" data-settings=\"{&quot;background_background&quot;:&quot;classic&quot;}\">\n\t\t\t\t\t\t<div class=\"elementor-container elementor-column-gap-default\">\n\t\t\t\t\t<div class=\"elementor-column elementor-col-100 elementor-top-column elementor-element elementor-element-767528e4\" data-id=\"767528e4\" data-element_type=\"column\">\n\t\t\t<div class=\"elementor-widget-wrap elementor-element-populated\">\n\t\t\t\t\t\t\t\t<div class=\"elementor-element elementor-element-7311ac0 elementor-widget__width-initial elementor-widget-divider--view-line elementor-widget elementor-widget-divider\" data-id=\"7311ac0\" data-element_type=\"widget\" data-widget_type=\"divider.default\">\n\t\t\t\t<div class=\"elementor-widget-container\">\n\t\t\t\t\t<div class=\"elementor-divider\">\n\t\t\t<span class=\"elementor-divider-separator\">\n\t\t\t\t\t\t<\/span>\n\t\t<\/div>\n\t\t\t\t<\/div>\n\t\t\t\t<\/div>\n\t\t\t\t<div class=\"elementor-element elementor-element-50e58b0f elementor-widget__width-initial elementor-widget elementor-widget-heading\" data-id=\"50e58b0f\" data-element_type=\"widget\" data-widget_type=\"heading.default\">\n\t\t\t\t<div class=\"elementor-widget-container\">\n\t\t\t<h2 class=\"elementor-heading-title elementor-size-default\">El dise\u00f1o y marca digital<\/h2>\t\t<\/div>\n\t\t\t\t<\/div>\n\t\t\t\t<div class=\"elementor-element elementor-element-43663e79 elementor-widget__width-initial elementor-widget elementor-widget-image\" data-id=\"43663e79\" data-element_type=\"widget\" data-widget_type=\"image.default\">\n\t\t\t\t<div class=\"elementor-widget-container\">\n\t\t\t\t\t\t\t\t\t\t\t\t\t\t\t<img loading=\"lazy\" decoding=\"async\" width=\"1920\" height=\"2400\" src=\"https:\/\/bebacomputers.com\/wp-content\/uploads\/2022\/01\/balazs-ketyi-LPWl2pEVGKc-unsplash.jpg\" class=\"attachment-full size-full\" alt=\"\" srcset=\"https:\/\/bebacomputers.com\/wp-content\/uploads\/2022\/01\/balazs-ketyi-LPWl2pEVGKc-unsplash.jpg 1920w, https:\/\/bebacomputers.com\/wp-content\/uploads\/2022\/01\/balazs-ketyi-LPWl2pEVGKc-unsplash-240x300.jpg 240w, https:\/\/bebacomputers.com\/wp-content\/uploads\/2022\/01\/balazs-ketyi-LPWl2pEVGKc-unsplash-819x1024.jpg 819w, https:\/\/bebacomputers.com\/wp-content\/uploads\/2022\/01\/balazs-ketyi-LPWl2pEVGKc-unsplash-768x960.jpg 768w, https:\/\/bebacomputers.com\/wp-content\/uploads\/2022\/01\/balazs-ketyi-LPWl2pEVGKc-unsplash-1229x1536.jpg 1229w, https:\/\/bebacomputers.com\/wp-content\/uploads\/2022\/01\/balazs-ketyi-LPWl2pEVGKc-unsplash-1638x2048.jpg 1638w\" sizes=\"auto, (max-width: 1920px) 100vw, 1920px\" \/>\t\t\t\t\t\t\t\t\t\t\t\t\t\t\t<\/div>\n\t\t\t\t<\/div>\n\t\t\t\t<div class=\"elementor-element elementor-element-1df2933a elementor-widget__width-initial elementor-widget elementor-widget-heading\" data-id=\"1df2933a\" data-element_type=\"widget\" data-widget_type=\"heading.default\">\n\t\t\t\t<div class=\"elementor-widget-container\">\n\t\t\t<h3 class=\"elementor-heading-title elementor-size-default\">DISE\u00d1O DIGITAL, IDENTIDADES VISUALES Y BRANDING<\/h3>\t\t<\/div>\n\t\t\t\t<\/div>\n\t\t\t\t<div class=\"elementor-element elementor-element-7e838cd2 elementor-widget__width-initial elementor-widget elementor-widget-text-editor\" data-id=\"7e838cd2\" data-element_type=\"widget\" data-widget_type=\"text-editor.default\">\n\t\t\t\t<div class=\"elementor-widget-container\">\n\t\t\t\t\t\t\t<p>Una vez que haya equipado su nueva empresa con el mejor hardware, es hora de brillar con sus<br \/>mejores colores en el mercado. Estamos ofreciendo crearle una nueva identidad visual, marca y<br \/>dise\u00f1o digital.<br \/>Puede confiarnos su presencia digital, para diferenciarse de la competencia y ser reconocible.<br \/>Nuestros servicios incluyen dise\u00f1o de logotipos \/ logotipos, dise\u00f1o web, im\u00e1genes para redes sociales<br \/>y canales de marketing, dise\u00f1o de productos y mucho m\u00e1s.<br \/>Adem\u00e1s, ofrecemos un cambio de marca, un redise\u00f1o y una actualizaci\u00f3n de su antigua identidad<br \/>visual.<\/p>\t\t\t\t\t\t<\/div>\n\t\t\t\t<\/div>\n\t\t\t\t<div class=\"elementor-element elementor-element-71ddc3d1 elementor-align-center elementor-widget__width-initial elementor-widget elementor-widget-button\" data-id=\"71ddc3d1\" data-element_type=\"widget\" data-settings=\"{&quot;_animation&quot;:&quot;none&quot;,&quot;_animation_delay&quot;:0}\" data-widget_type=\"button.default\">\n\t\t\t\t<div class=\"elementor-widget-container\">\n\t\t\t\t\t<div class=\"elementor-button-wrapper\">\n\t\t\t<a href=\"https:\/\/bebacomputers.com\/hardware-wholesale\/\" class=\"elementor-button-link elementor-button elementor-size-md elementor-animation-grow\" role=\"button\">\n\t\t\t\t\t\t<span class=\"elementor-button-content-wrapper\">\n\t\t\t\t\t\t<span class=\"elementor-button-text\">Cont\u00e1ctanos<\/span>\n\t\t<\/span>\n\t\t\t\t\t<\/a>\n\t\t<\/div>\n\t\t\t\t<\/div>\n\t\t\t\t<\/div>\n\t\t\t\t\t<\/div>\n\t\t<\/div>\n\t\t\t\t\t\t\t<\/div>\n\t\t<\/section>\n\t\t\t\t<section class=\"elementor-section elementor-top-section elementor-element elementor-element-6ca1917e elementor-section-full_width elementor-section-height-min-height elementor-section-content-middle elementor-section-height-default elementor-section-items-middle\" data-id=\"6ca1917e\" data-element_type=\"section\" data-settings=\"{&quot;background_background&quot;:&quot;classic&quot;}\">\n\t\t\t\t\t\t\t<div class=\"elementor-background-overlay\"><\/div>\n\t\t\t\t\t\t\t<div class=\"elementor-container elementor-column-gap-wide\">\n\t\t\t\t\t<div class=\"elementor-column elementor-col-50 elementor-top-column elementor-element elementor-element-3ca9c34b\" data-id=\"3ca9c34b\" data-element_type=\"column\">\n\t\t\t<div class=\"elementor-widget-wrap elementor-element-populated\">\n\t\t\t\t\t\t\t\t<div class=\"elementor-element elementor-element-6229d026 elementor-widget__width-initial elementor-widget elementor-widget-text-editor\" data-id=\"6229d026\" data-element_type=\"widget\" data-widget_type=\"text-editor.default\">\n\t\t\t\t<div class=\"elementor-widget-container\">\n\t\t\t\t\t\t\t<p>Ponte en contacto y solicita una cotizaci\u00f3n.<\/p>\t\t\t\t\t\t<\/div>\n\t\t\t\t<\/div>\n\t\t\t\t\t<\/div>\n\t\t<\/div>\n\t\t\t\t<div class=\"elementor-column elementor-col-50 elementor-top-column elementor-element elementor-element-35e1bca8\" data-id=\"35e1bca8\" data-element_type=\"column\">\n\t\t\t<div class=\"elementor-widget-wrap elementor-element-populated\">\n\t\t\t\t\t\t\t\t<div class=\"elementor-element elementor-element-4bcf8381 elementor-align-left elementor-widget elementor-widget-button\" data-id=\"4bcf8381\" data-element_type=\"widget\" data-settings=\"{&quot;_animation&quot;:&quot;none&quot;,&quot;_animation_delay&quot;:0}\" data-widget_type=\"button.default\">\n\t\t\t\t<div class=\"elementor-widget-container\">\n\t\t\t\t\t<div class=\"elementor-button-wrapper\">\n\t\t\t<a href=\"https:\/\/bebacomputers.com\/contact\/\" class=\"elementor-button-link elementor-button elementor-size-md elementor-animation-grow\" role=\"button\">\n\t\t\t\t\t\t<span class=\"elementor-button-content-wrapper\">\n\t\t\t\t\t\t<span class=\"elementor-button-text\">Cont\u00e1ctanos<\/span>\n\t\t<\/span>\n\t\t\t\t\t<\/a>\n\t\t<\/div>\n\t\t\t\t<\/div>\n\t\t\t\t<\/div>\n\t\t\t\t\t<\/div>\n\t\t<\/div>\n\t\t\t\t\t\t\t<\/div>\n\t\t<\/section>\n\t\t\t\t<section class=\"elementor-section elementor-top-section elementor-element elementor-element-5b69fb2d elementor-section-full_width elementor-section-height-default elementor-section-height-default\" data-id=\"5b69fb2d\" data-element_type=\"section\" data-settings=\"{&quot;background_background&quot;:&quot;classic&quot;}\">\n\t\t\t\t\t\t<div class=\"elementor-container elementor-column-gap-default\">\n\t\t\t\t\t<div class=\"elementor-column elementor-col-100 elementor-top-column elementor-element elementor-element-2493da2f\" data-id=\"2493da2f\" data-element_type=\"column\">\n\t\t\t<div class=\"elementor-widget-wrap elementor-element-populated\">\n\t\t\t\t\t\t\t\t<section class=\"elementor-section elementor-inner-section elementor-element elementor-element-5e705887 elementor-section-content-middle elementor-section-boxed elementor-section-height-default elementor-section-height-default\" data-id=\"5e705887\" data-element_type=\"section\">\n\t\t\t\t\t\t<div class=\"elementor-container elementor-column-gap-default\">\n\t\t\t\t\t<div class=\"elementor-column elementor-col-50 elementor-inner-column elementor-element elementor-element-448a0dc4\" data-id=\"448a0dc4\" data-element_type=\"column\">\n\t\t\t<div class=\"elementor-widget-wrap elementor-element-populated\">\n\t\t\t\t\t\t\t\t<div class=\"elementor-element elementor-element-2fcd0bfa elementor-widget elementor-widget-image\" data-id=\"2fcd0bfa\" data-element_type=\"widget\" data-widget_type=\"image.default\">\n\t\t\t\t<div class=\"elementor-widget-container\">\n\t\t\t\t\t\t\t\t\t\t\t\t\t\t\t<img decoding=\"async\" src=\"https:\/\/bebacomputers.com\/wp-content\/uploads\/elementor\/thumbs\/BC-logo-p9f5u2iwvufgv3k9tp09vub2ge2kvfut8wrfexevi8.png\" title=\"BC-logo\" alt=\"BC logo\" \/>\t\t\t\t\t\t\t\t\t\t\t\t\t\t\t<\/div>\n\t\t\t\t<\/div>\n\t\t\t\t\t<\/div>\n\t\t<\/div>\n\t\t\t\t<div class=\"elementor-column elementor-col-50 elementor-inner-column elementor-element elementor-element-76df9a93\" data-id=\"76df9a93\" data-element_type=\"column\">\n\t\t\t<div class=\"elementor-widget-wrap elementor-element-populated\">\n\t\t\t\t\t\t\t\t<div class=\"elementor-element elementor-element-6abd580 elementor-widget elementor-widget-text-editor\" data-id=\"6abd580\" data-element_type=\"widget\" data-widget_type=\"text-editor.default\">\n\t\t\t\t<div class=\"elementor-widget-container\">\n\t\t\t\t\t\t\t<p><strong>B. ACCOUNT:<\/strong> 1135210028<br \/><strong>IBAN <\/strong>HR6724840081135210028<br \/><strong>SWIFT:<\/strong> RZBHHR2X<\/p>\t\t\t\t\t\t<\/div>\n\t\t\t\t<\/div>\n\t\t\t\t\t<\/div>\n\t\t<\/div>\n\t\t\t\t\t\t\t<\/div>\n\t\t<\/section>\n\t\t\t\t<div class=\"elementor-element elementor-element-7ab70d5c elementor-widget-divider--view-line elementor-widget elementor-widget-divider\" data-id=\"7ab70d5c\" data-element_type=\"widget\" data-widget_type=\"divider.default\">\n\t\t\t\t<div class=\"elementor-widget-container\">\n\t\t\t\t\t<div class=\"elementor-divider\">\n\t\t\t<span class=\"elementor-divider-separator\">\n\t\t\t\t\t\t<\/span>\n\t\t<\/div>\n\t\t\t\t<\/div>\n\t\t\t\t<\/div>\n\t\t\t\t<section class=\"elementor-section elementor-inner-section elementor-element elementor-element-42c9cfab elementor-section-boxed elementor-section-height-default elementor-section-height-default\" data-id=\"42c9cfab\" data-element_type=\"section\">\n\t\t\t\t\t\t<div class=\"elementor-container elementor-column-gap-default\">\n\t\t\t\t\t<div class=\"elementor-column elementor-col-25 elementor-inner-column elementor-element elementor-element-23f9fd4\" data-id=\"23f9fd4\" data-element_type=\"column\">\n\t\t\t<div class=\"elementor-widget-wrap elementor-element-populated\">\n\t\t\t\t\t\t\t\t<div class=\"elementor-element elementor-element-216dfbb6 elementor-widget elementor-widget-heading\" data-id=\"216dfbb6\" data-element_type=\"widget\" data-widget_type=\"heading.default\">\n\t\t\t\t<div class=\"elementor-widget-container\">\n\t\t\t<h4 class=\"elementor-heading-title elementor-size-default\">Cont\u00e1ctanos<\/h4>\t\t<\/div>\n\t\t\t\t<\/div>\n\t\t\t\t<div class=\"elementor-element elementor-element-4c8cf709 elementor-widget elementor-widget-text-editor\" data-id=\"4c8cf709\" data-element_type=\"widget\" data-widget_type=\"text-editor.default\">\n\t\t\t\t<div class=\"elementor-widget-container\">\n\t\t\t\t\t\t\t<ul style=\"list-style-type: none; margin: 0;\">\n \t<li><a href=\"https:\/\/bebacomputers.com\/hr\/pocetna\/\">INICIO<\/a><\/li>\n \t<li><a href=\"https:\/\/bebacomputers.com\/hr\/o-nama\/\">SOBRE NOSOTROS<\/a><\/li>\n \t<li><a href=\"https:\/\/bebacomputers.com\/hr\/usluge\/\">SERVICIOS<\/a><\/li>\n\n<li><a href=\"https:\/\/bebacomputers.com\/hr\/blog-2\/\">Blog<\/a><\/li>\n \t<li><a href=\"https:\/\/bebacomputers.com\/hr\/vijesti\/\">NOVEDADES<\/a><\/li>\n \t<li><a href=\"https:\/\/bebacomputers.com\/hr\/kontakt\/\">CONTACTO<\/a><\/li>\n<\/ul>\t\t\t\t\t\t<\/div>\n\t\t\t\t<\/div>\n\t\t\t\t\t<\/div>\n\t\t<\/div>\n\t\t\t\t<div class=\"elementor-column elementor-col-25 elementor-inner-column elementor-element elementor-element-2de55c4e\" data-id=\"2de55c4e\" data-element_type=\"column\">\n\t\t\t<div class=\"elementor-widget-wrap elementor-element-populated\">\n\t\t\t\t\t\t\t\t<div class=\"elementor-element elementor-element-22fdc4d elementor-widget elementor-widget-heading\" data-id=\"22fdc4d\" data-element_type=\"widget\" data-widget_type=\"heading.default\">\n\t\t\t\t<div class=\"elementor-widget-container\">\n\t\t\t<h4 class=\"elementor-heading-title elementor-size-default\">Servicios<\/h4>\t\t<\/div>\n\t\t\t\t<\/div>\n\t\t\t\t<div class=\"elementor-element elementor-element-47c6dd98 elementor-widget elementor-widget-text-editor\" data-id=\"47c6dd98\" data-element_type=\"widget\" data-widget_type=\"text-editor.default\">\n\t\t\t\t<div class=\"elementor-widget-container\">\n\t\t\t\t\t\t\t<ul style=\"list-style-type: none; margin: 0;\">\n \t<li><a href=\"https:\/\/bebacomputers.com\/hr\/usluge\/veleprodaja-opreme\/\">HARDWARE Y EQUIPO<\/a><\/li>\n \t<li><a href=\"https:\/\/bebacomputers.com\/hr\/usluge\/it-savjetovanje\/\">CONSULTORIA TI Y EMPRESARIAL<\/a><\/li>\n \t<li><a href=\"https:\/\/bebacomputers.com\/hr\/usluge\/digitalni-dizajn\/\">DISE\u00d1O Y MARCA DIGITAL<\/a><\/li>\n \t<li><a href=\"https:\/\/bebacomputers.com\/hr\/usluge\/internet-of-things\/\">INTERNET DE LAS COSAS<\/a><\/li>\n<\/ul>\t\t\t\t\t\t<\/div>\n\t\t\t\t<\/div>\n\t\t\t\t\t<\/div>\n\t\t<\/div>\n\t\t\t\t<div class=\"elementor-column elementor-col-25 elementor-inner-column elementor-element elementor-element-7f946c46\" data-id=\"7f946c46\" data-element_type=\"column\">\n\t\t\t<div class=\"elementor-widget-wrap elementor-element-populated\">\n\t\t\t\t\t\t\t\t<div class=\"elementor-element elementor-element-21891abd elementor-widget elementor-widget-heading\" data-id=\"21891abd\" data-element_type=\"widget\" data-widget_type=\"heading.default\">\n\t\t\t\t<div class=\"elementor-widget-container\">\n\t\t\t<h4 class=\"elementor-heading-title elementor-size-default\">Legal<\/h4>\t\t<\/div>\n\t\t\t\t<\/div>\n\t\t\t\t<div class=\"elementor-element elementor-element-52af10c8 elementor-widget elementor-widget-text-editor\" data-id=\"52af10c8\" data-element_type=\"widget\" data-widget_type=\"text-editor.default\">\n\t\t\t\t<div class=\"elementor-widget-container\">\n\t\t\t\t\t\t\t<ul style=\"list-style-type: none; margin: 0;\">\n \t<li><a href=\"#\">Terminos y condiciones<\/a><\/li>\n \t<li><a href=\"#\">KIT de medios<\/a><\/li>\n<\/ul>\t\t\t\t\t\t<\/div>\n\t\t\t\t<\/div>\n\t\t\t\t\t<\/div>\n\t\t<\/div>\n\t\t\t\t<div class=\"elementor-column elementor-col-25 elementor-inner-column elementor-element elementor-element-633f4b75\" data-id=\"633f4b75\" data-element_type=\"column\">\n\t\t\t<div class=\"elementor-widget-wrap elementor-element-populated\">\n\t\t\t\t\t\t\t\t<div class=\"elementor-element elementor-element-d8fb554 elementor-widget elementor-widget-heading\" data-id=\"d8fb554\" data-element_type=\"widget\" data-widget_type=\"heading.default\">\n\t\t\t\t<div class=\"elementor-widget-container\">\n\t\t\t<h4 class=\"elementor-heading-title elementor-size-default\">Contacto<\/h4>\t\t<\/div>\n\t\t\t\t<\/div>\n\t\t\t\t<div class=\"elementor-element elementor-element-395ee223 elementor-widget elementor-widget-text-editor\" data-id=\"395ee223\" data-element_type=\"widget\" data-widget_type=\"text-editor.default\">\n\t\t\t\t<div class=\"elementor-widget-container\">\n\t\t\t\t\t\t\t<p><strong>HQ:<\/strong> Kremena 52 , 20356 Slivno, Croacia<\/p><p><strong>Post: <\/strong>Conto d.o.o, Ora\u0161ina 3, 20350 Metkovi\u0107, Republika Croacia<\/p><p>info@bebacomputers.com<br \/>+ 385 91 6143297 <br \/>+ 385 20 681 566 <br \/>+387 61 378356<\/p>\t\t\t\t\t\t<\/div>\n\t\t\t\t<\/div>\n\t\t\t\t<div class=\"elementor-element elementor-element-4f7514e5 elementor-shape-square e-grid-align-left elementor-grid-0 elementor-widget elementor-widget-social-icons\" data-id=\"4f7514e5\" data-element_type=\"widget\" data-widget_type=\"social-icons.default\">\n\t\t\t\t<div class=\"elementor-widget-container\">\n\t\t\t\t\t<div class=\"elementor-social-icons-wrapper elementor-grid\">\n\t\t\t\t\t\t\t<span class=\"elementor-grid-item\">\n\t\t\t\t\t<a class=\"elementor-icon elementor-social-icon elementor-social-icon-facebook elementor-repeater-item-92ec546\" href=\"https:\/\/www.facebook.com\/BebaComputers\" target=\"_blank\">\n\t\t\t\t\t\t<span class=\"elementor-screen-only\">Facebook<\/span>\n\t\t\t\t\t\t<i class=\"fab fa-facebook\"><\/i>\t\t\t\t\t<\/a>\n\t\t\t\t<\/span>\n\t\t\t\t\t\t\t<span class=\"elementor-grid-item\">\n\t\t\t\t\t<a class=\"elementor-icon elementor-social-icon elementor-social-icon-linkedin elementor-repeater-item-0d92d0e\" href=\"https:\/\/www.linkedin.com\/company\/beba-computers-ltd\" target=\"_blank\">\n\t\t\t\t\t\t<span class=\"elementor-screen-only\">Linkedin<\/span>\n\t\t\t\t\t\t<i class=\"fab fa-linkedin\"><\/i>\t\t\t\t\t<\/a>\n\t\t\t\t<\/span>\n\t\t\t\t\t<\/div>\n\t\t\t\t<\/div>\n\t\t\t\t<\/div>\n\t\t\t\t\t<\/div>\n\t\t<\/div>\n\t\t\t\t\t\t\t<\/div>\n\t\t<\/section>\n\t\t\t\t\t<\/div>\n\t\t<\/div>\n\t\t\t\t\t\t\t<\/div>\n\t\t<\/section>\n\t\t\t\t\t\t<\/div>\n\t\t\t\t\t<\/div>\n\t\t","protected":false},"excerpt":{"rendered":"<p>El dise\u00f1o y marca digital Ofrecemos todo lo que necesita para diferenciarse visualmente de la competencia. El dise\u00f1o y marca digital DISE\u00d1O DIGITAL, IDENTIDADES VISUALES Y BRANDING Una vez que haya equipado su nueva empresa con el mejor hardware, es hora de brillar con susmejores colores en el mercado. Estamos ofreciendo crearle una nueva identidad [&hellip;]<\/p>\n","protected":false},"author":4,"featured_media":0,"parent":2103,"menu_order":2,"comment_status":"closed","ping_status":"closed","template":"","meta":{"footnotes":""},"class_list":["post-2223","page","type-page","status-publish","hentry","entry"],"_links":{"self":[{"href":"https:\/\/bebacomputers.com\/index.php?rest_route=\/wp\/v2\/pages\/2223","targetHints":{"allow":["GET"]}}],"collection":[{"href":"https:\/\/bebacomputers.com\/index.php?rest_route=\/wp\/v2\/pages"}],"about":[{"href":"https:\/\/bebacomputers.com\/index.php?rest_route=\/wp\/v2\/types\/page"}],"author":[{"embeddable":true,"href":"https:\/\/bebacomputers.com\/index.php?rest_route=\/wp\/v2\/users\/4"}],"replies":[{"embeddable":true,"href":"https:\/\/bebacomputers.com\/index.php?rest_route=%2Fwp%2Fv2%2Fcomments&post=2223"}],"version-history":[{"count":5,"href":"https:\/\/bebacomputers.com\/index.php?rest_route=\/wp\/v2\/pages\/2223\/revisions"}],"predecessor-version":[{"id":2238,"href":"https:\/\/bebacomputers.com\/index.php?rest_route=\/wp\/v2\/pages\/2223\/revisions\/2238"}],"up":[{"embeddable":true,"href":"https:\/\/bebacomputers.com\/index.php?rest_route=\/wp\/v2\/pages\/2103"}],"wp:attachment":[{"href":"https:\/\/bebacomputers.com\/index.php?rest_route=%2Fwp%2Fv2%2Fmedia&parent=2223"}],"curies":[{"name":"wp","href":"https:\/\/api.w.org\/{rel}","templated":true}]}}