{"id":1449,"date":"2021-07-09T13:23:58","date_gmt":"2021-07-09T11:23:58","guid":{"rendered":"https:\/\/bebacomputers.com\/?page_id=1449"},"modified":"2022-01-07T00:57:06","modified_gmt":"2022-01-06T23:57:06","slug":"internet-of-things","status":"publish","type":"page","link":"https:\/\/bebacomputers.com\/?page_id=1449&lang=hr","title":{"rendered":"Internet of Things"},"content":{"rendered":"\t\t<div data-elementor-type=\"wp-page\" data-elementor-id=\"1449\" class=\"elementor elementor-1449\" data-elementor-settings=\"[]\">\n\t\t\t\t\t\t\t<div class=\"elementor-section-wrap\">\n\t\t\t\t\t\t\t<section class=\"elementor-section elementor-top-section elementor-element elementor-element-4570d36 elementor-section-content-middle elementor-section-height-min-height elementor-section-boxed elementor-section-height-default elementor-section-items-middle\" data-id=\"4570d36\" data-element_type=\"section\" data-settings=\"{&quot;background_background&quot;:&quot;classic&quot;}\">\n\t\t\t\t\t\t\t<div class=\"elementor-background-overlay\"><\/div>\n\t\t\t\t\t\t\t<div class=\"elementor-container elementor-column-gap-default\">\n\t\t\t\t\t<div class=\"elementor-column elementor-col-100 elementor-top-column elementor-element elementor-element-490cbc84\" data-id=\"490cbc84\" data-element_type=\"column\">\n\t\t\t<div class=\"elementor-widget-wrap elementor-element-populated\">\n\t\t\t\t\t\t\t\t<div class=\"elementor-element elementor-element-6f383396 elementor-invisible elementor-widget elementor-widget-heading\" data-id=\"6f383396\" data-element_type=\"widget\" data-settings=\"{&quot;_animation&quot;:&quot;fadeIn&quot;,&quot;_animation_delay&quot;:200}\" data-widget_type=\"heading.default\">\n\t\t\t\t<div class=\"elementor-widget-container\">\n\t\t\t<h1 class=\"elementor-heading-title elementor-size-default\">Internet of Things<\/h1>\t\t<\/div>\n\t\t\t\t<\/div>\n\t\t\t\t<div class=\"elementor-element elementor-element-4f0b65a2 elementor-invisible elementor-widget elementor-widget-text-editor\" data-id=\"4f0b65a2\" data-element_type=\"widget\" data-settings=\"{&quot;_animation&quot;:&quot;fadeIn&quot;,&quot;_animation_delay&quot;:200}\" data-widget_type=\"text-editor.default\">\n\t\t\t\t<div class=\"elementor-widget-container\">\n\t\t\t\t\t\t\t<p>Nudimo izradu IoT projekata po Va\u0161oj \u017eelji<\/p>\t\t\t\t\t\t<\/div>\n\t\t\t\t<\/div>\n\t\t\t\t\t<\/div>\n\t\t<\/div>\n\t\t\t\t\t\t\t<\/div>\n\t\t<\/section>\n\t\t\t\t<section class=\"elementor-section elementor-top-section elementor-element elementor-element-3850846b elementor-section-boxed elementor-section-height-default elementor-section-height-default\" data-id=\"3850846b\" data-element_type=\"section\" data-settings=\"{&quot;background_background&quot;:&quot;classic&quot;}\">\n\t\t\t\t\t\t<div class=\"elementor-container elementor-column-gap-default\">\n\t\t\t\t\t<div class=\"elementor-column elementor-col-100 elementor-top-column elementor-element elementor-element-182764f4\" data-id=\"182764f4\" data-element_type=\"column\">\n\t\t\t<div class=\"elementor-widget-wrap elementor-element-populated\">\n\t\t\t\t\t\t\t\t<div class=\"elementor-element elementor-element-db0b5ae elementor-widget__width-initial elementor-widget-divider--view-line elementor-widget elementor-widget-divider\" data-id=\"db0b5ae\" data-element_type=\"widget\" data-widget_type=\"divider.default\">\n\t\t\t\t<div class=\"elementor-widget-container\">\n\t\t\t\t\t<div class=\"elementor-divider\">\n\t\t\t<span class=\"elementor-divider-separator\">\n\t\t\t\t\t\t<\/span>\n\t\t<\/div>\n\t\t\t\t<\/div>\n\t\t\t\t<\/div>\n\t\t\t\t<div class=\"elementor-element elementor-element-3f692371 elementor-widget__width-initial elementor-widget elementor-widget-heading\" data-id=\"3f692371\" data-element_type=\"widget\" data-widget_type=\"heading.default\">\n\t\t\t\t<div class=\"elementor-widget-container\">\n\t\t\t<h2 class=\"elementor-heading-title elementor-size-default\">Internet of Things projekti<\/h2>\t\t<\/div>\n\t\t\t\t<\/div>\n\t\t\t\t<div class=\"elementor-element elementor-element-58659ed9 elementor-widget__width-initial elementor-widget elementor-widget-image\" data-id=\"58659ed9\" data-element_type=\"widget\" data-widget_type=\"image.default\">\n\t\t\t\t<div class=\"elementor-widget-container\">\n\t\t\t\t\t\t\t\t\t\t\t\t\t\t\t<img loading=\"lazy\" decoding=\"async\" width=\"1920\" height=\"1280\" src=\"https:\/\/bebacomputers.com\/wp-content\/uploads\/2022\/01\/frederik-lipfert-XY6rifJ8OvA-unsplash.jpg\" class=\"attachment-full size-full\" alt=\"\" srcset=\"https:\/\/bebacomputers.com\/wp-content\/uploads\/2022\/01\/frederik-lipfert-XY6rifJ8OvA-unsplash.jpg 1920w, https:\/\/bebacomputers.com\/wp-content\/uploads\/2022\/01\/frederik-lipfert-XY6rifJ8OvA-unsplash-300x200.jpg 300w, https:\/\/bebacomputers.com\/wp-content\/uploads\/2022\/01\/frederik-lipfert-XY6rifJ8OvA-unsplash-1024x683.jpg 1024w, https:\/\/bebacomputers.com\/wp-content\/uploads\/2022\/01\/frederik-lipfert-XY6rifJ8OvA-unsplash-768x512.jpg 768w, https:\/\/bebacomputers.com\/wp-content\/uploads\/2022\/01\/frederik-lipfert-XY6rifJ8OvA-unsplash-1536x1024.jpg 1536w\" sizes=\"auto, (max-width: 1920px) 100vw, 1920px\" \/>\t\t\t\t\t\t\t\t\t\t\t\t\t\t\t<\/div>\n\t\t\t\t<\/div>\n\t\t\t\t<div class=\"elementor-element elementor-element-3da61e1 elementor-widget__width-initial elementor-widget elementor-widget-heading\" data-id=\"3da61e1\" data-element_type=\"widget\" data-widget_type=\"heading.default\">\n\t\t\t\t<div class=\"elementor-widget-container\">\n\t\t\t<h3 class=\"elementor-heading-title elementor-size-default\">Smart ure\u0111aji, automatizacija i optimizacija<\/h3>\t\t<\/div>\n\t\t\t\t<\/div>\n\t\t\t\t<div class=\"elementor-element elementor-element-60045395 elementor-widget__width-initial elementor-widget elementor-widget-text-editor\" data-id=\"60045395\" data-element_type=\"widget\" data-widget_type=\"text-editor.default\">\n\t\t\t\t<div class=\"elementor-widget-container\">\n\t\t\t\t\t\t\t<p>Pored veleprodaje i brendiranja Va\u0161e nove tvrtke, u ponudi imamo i kreiranje IoT projekata &#8220;po mjeri&#8221;.<\/p><p>Automatizacija i optimizacija procesa, pametni domovi, klasteri pametnih ure\u0111aja za industriju, agrikulturu i medicinu, samo su neki od projekata koje mo\u017eemo razviti za Va\u0161e potrebe.\u00a0<\/p><p>Svi ure\u0111aji i infrastruktura su najvi\u0161eg kvaliteta i kompatibilni sa standardima Evropske Unije. Na\u0161 stru\u010dni tim \u0107e se pobrinuti za sve Va\u0161e potrebe.<\/p>\t\t\t\t\t\t<\/div>\n\t\t\t\t<\/div>\n\t\t\t\t\t<\/div>\n\t\t<\/div>\n\t\t\t\t\t\t\t<\/div>\n\t\t<\/section>\n\t\t\t\t<section class=\"elementor-section elementor-top-section elementor-element elementor-element-6885b68c elementor-section-full_width elementor-section-height-min-height elementor-section-content-middle elementor-section-height-default elementor-section-items-middle\" data-id=\"6885b68c\" data-element_type=\"section\" data-settings=\"{&quot;background_background&quot;:&quot;classic&quot;}\">\n\t\t\t\t\t\t\t<div class=\"elementor-background-overlay\"><\/div>\n\t\t\t\t\t\t\t<div class=\"elementor-container elementor-column-gap-wide\">\n\t\t\t\t\t<div class=\"elementor-column elementor-col-50 elementor-top-column elementor-element elementor-element-1799b32d\" data-id=\"1799b32d\" data-element_type=\"column\">\n\t\t\t<div class=\"elementor-widget-wrap elementor-element-populated\">\n\t\t\t\t\t\t\t\t<div class=\"elementor-element elementor-element-34631a37 elementor-widget__width-initial elementor-widget elementor-widget-text-editor\" data-id=\"34631a37\" data-element_type=\"widget\" data-widget_type=\"text-editor.default\">\n\t\t\t\t<div class=\"elementor-widget-container\">\n\t\t\t\t\t\t\t<p>Javite se i zatra\u017eite ponudu<\/p>\t\t\t\t\t\t<\/div>\n\t\t\t\t<\/div>\n\t\t\t\t\t<\/div>\n\t\t<\/div>\n\t\t\t\t<div class=\"elementor-column elementor-col-50 elementor-top-column elementor-element elementor-element-2a1c203d\" data-id=\"2a1c203d\" data-element_type=\"column\">\n\t\t\t<div class=\"elementor-widget-wrap elementor-element-populated\">\n\t\t\t\t\t\t\t\t<div class=\"elementor-element elementor-element-79abcce5 elementor-align-left elementor-widget elementor-widget-button\" data-id=\"79abcce5\" data-element_type=\"widget\" data-settings=\"{&quot;_animation&quot;:&quot;none&quot;,&quot;_animation_delay&quot;:0}\" data-widget_type=\"button.default\">\n\t\t\t\t<div class=\"elementor-widget-container\">\n\t\t\t\t\t<div class=\"elementor-button-wrapper\">\n\t\t\t<a href=\"https:\/\/bebacomputers.com\/hr\/kontakt\/\" class=\"elementor-button-link elementor-button elementor-size-md elementor-animation-grow\" role=\"button\">\n\t\t\t\t\t\t<span class=\"elementor-button-content-wrapper\">\n\t\t\t\t\t\t<span class=\"elementor-button-text\">Kontakt<\/span>\n\t\t<\/span>\n\t\t\t\t\t<\/a>\n\t\t<\/div>\n\t\t\t\t<\/div>\n\t\t\t\t<\/div>\n\t\t\t\t\t<\/div>\n\t\t<\/div>\n\t\t\t\t\t\t\t<\/div>\n\t\t<\/section>\n\t\t\t\t\t\t<\/div>\n\t\t\t\t\t<\/div>\n\t\t","protected":false},"excerpt":{"rendered":"<p>Internet of Things Nudimo izradu IoT projekata po Va\u0161oj \u017eelji Internet of Things projekti Smart ure\u0111aji, automatizacija i optimizacija Pored veleprodaje i brendiranja Va\u0161e nove tvrtke, u ponudi imamo i kreiranje IoT projekata &#8220;po mjeri&#8221;. Automatizacija i optimizacija procesa, pametni domovi, klasteri pametnih ure\u0111aja za industriju, agrikulturu i medicinu, samo su neki od projekata koje [&hellip;]<\/p>\n","protected":false},"author":4,"featured_media":0,"parent":1321,"menu_order":0,"comment_status":"closed","ping_status":"closed","template":"elementor_header_footer","meta":{"footnotes":""},"class_list":["post-1449","page","type-page","status-publish","hentry","entry"],"_links":{"self":[{"href":"https:\/\/bebacomputers.com\/index.php?rest_route=\/wp\/v2\/pages\/1449","targetHints":{"allow":["GET"]}}],"collection":[{"href":"https:\/\/bebacomputers.com\/index.php?rest_route=\/wp\/v2\/pages"}],"about":[{"href":"https:\/\/bebacomputers.com\/index.php?rest_route=\/wp\/v2\/types\/page"}],"author":[{"embeddable":true,"href":"https:\/\/bebacomputers.com\/index.php?rest_route=\/wp\/v2\/users\/4"}],"replies":[{"embeddable":true,"href":"https:\/\/bebacomputers.com\/index.php?rest_route=%2Fwp%2Fv2%2Fcomments&post=1449"}],"version-history":[{"count":5,"href":"https:\/\/bebacomputers.com\/index.php?rest_route=\/wp\/v2\/pages\/1449\/revisions"}],"predecessor-version":[{"id":2458,"href":"https:\/\/bebacomputers.com\/index.php?rest_route=\/wp\/v2\/pages\/1449\/revisions\/2458"}],"up":[{"embeddable":true,"href":"https:\/\/bebacomputers.com\/index.php?rest_route=\/wp\/v2\/pages\/1321"}],"wp:attachment":[{"href":"https:\/\/bebacomputers.com\/index.php?rest_route=%2Fwp%2Fv2%2Fmedia&parent=1449"}],"curies":[{"name":"wp","href":"https:\/\/api.w.org\/{rel}","templated":true}]}}