{"id":1428,"date":"2021-07-09T12:52:56","date_gmt":"2021-07-09T10:52:56","guid":{"rendered":"https:\/\/bebacomputers.com\/?page_id=1428"},"modified":"2022-01-07T00:56:47","modified_gmt":"2022-01-06T23:56:47","slug":"digitalni-dizajn","status":"publish","type":"page","link":"https:\/\/bebacomputers.com\/?page_id=1428&lang=hr","title":{"rendered":"Digitalni dizajn"},"content":{"rendered":"\t\t<div data-elementor-type=\"wp-page\" data-elementor-id=\"1428\" class=\"elementor elementor-1428\" data-elementor-settings=\"[]\">\n\t\t\t\t\t\t\t<div class=\"elementor-section-wrap\">\n\t\t\t\t\t\t\t<section class=\"elementor-section elementor-top-section elementor-element elementor-element-7609c519 elementor-section-content-middle elementor-section-height-min-height elementor-section-boxed elementor-section-height-default elementor-section-items-middle\" data-id=\"7609c519\" data-element_type=\"section\" data-settings=\"{&quot;background_background&quot;:&quot;classic&quot;}\">\n\t\t\t\t\t\t\t<div class=\"elementor-background-overlay\"><\/div>\n\t\t\t\t\t\t\t<div class=\"elementor-container elementor-column-gap-default\">\n\t\t\t\t\t<div class=\"elementor-column elementor-col-100 elementor-top-column elementor-element elementor-element-62203838\" data-id=\"62203838\" data-element_type=\"column\">\n\t\t\t<div class=\"elementor-widget-wrap elementor-element-populated\">\n\t\t\t\t\t\t\t\t<div class=\"elementor-element elementor-element-30d91165 elementor-invisible elementor-widget elementor-widget-heading\" data-id=\"30d91165\" data-element_type=\"widget\" data-settings=\"{&quot;_animation&quot;:&quot;fadeIn&quot;,&quot;_animation_delay&quot;:200}\" data-widget_type=\"heading.default\">\n\t\t\t\t<div class=\"elementor-widget-container\">\n\t\t\t<h1 class=\"elementor-heading-title elementor-size-default\">Digitalni dizajn i brendiranje<\/h1>\t\t<\/div>\n\t\t\t\t<\/div>\n\t\t\t\t<div class=\"elementor-element elementor-element-66672774 elementor-invisible elementor-widget elementor-widget-text-editor\" data-id=\"66672774\" data-element_type=\"widget\" data-settings=\"{&quot;_animation&quot;:&quot;fadeIn&quot;,&quot;_animation_delay&quot;:200}\" data-widget_type=\"text-editor.default\">\n\t\t\t\t<div class=\"elementor-widget-container\">\n\t\t\t\t\t\t\t<p>Nudimo profesionalne usluge digitalnog dizajna i brendiranja<\/p>\t\t\t\t\t\t<\/div>\n\t\t\t\t<\/div>\n\t\t\t\t\t<\/div>\n\t\t<\/div>\n\t\t\t\t\t\t\t<\/div>\n\t\t<\/section>\n\t\t\t\t<section class=\"elementor-section elementor-top-section elementor-element elementor-element-4e73ee25 elementor-section-boxed elementor-section-height-default elementor-section-height-default\" data-id=\"4e73ee25\" data-element_type=\"section\" data-settings=\"{&quot;background_background&quot;:&quot;classic&quot;}\">\n\t\t\t\t\t\t<div class=\"elementor-container elementor-column-gap-default\">\n\t\t\t\t\t<div class=\"elementor-column elementor-col-100 elementor-top-column elementor-element elementor-element-510ddc4\" data-id=\"510ddc4\" data-element_type=\"column\">\n\t\t\t<div class=\"elementor-widget-wrap elementor-element-populated\">\n\t\t\t\t\t\t\t\t<div class=\"elementor-element elementor-element-1dd79145 elementor-widget__width-initial elementor-widget-divider--view-line elementor-widget elementor-widget-divider\" data-id=\"1dd79145\" data-element_type=\"widget\" data-widget_type=\"divider.default\">\n\t\t\t\t<div class=\"elementor-widget-container\">\n\t\t\t\t\t<div class=\"elementor-divider\">\n\t\t\t<span class=\"elementor-divider-separator\">\n\t\t\t\t\t\t<\/span>\n\t\t<\/div>\n\t\t\t\t<\/div>\n\t\t\t\t<\/div>\n\t\t\t\t<div class=\"elementor-element elementor-element-289183ee elementor-widget__width-initial elementor-widget elementor-widget-heading\" data-id=\"289183ee\" data-element_type=\"widget\" data-widget_type=\"heading.default\">\n\t\t\t\t<div class=\"elementor-widget-container\">\n\t\t\t<h2 class=\"elementor-heading-title elementor-size-default\">Dizajn & Brendiranje<\/h2>\t\t<\/div>\n\t\t\t\t<\/div>\n\t\t\t\t<div class=\"elementor-element elementor-element-1ce8d467 elementor-widget__width-initial elementor-widget elementor-widget-image\" data-id=\"1ce8d467\" data-element_type=\"widget\" data-widget_type=\"image.default\">\n\t\t\t\t<div class=\"elementor-widget-container\">\n\t\t\t\t\t\t\t\t\t\t\t\t\t\t\t<img loading=\"lazy\" decoding=\"async\" width=\"1920\" height=\"2400\" src=\"https:\/\/bebacomputers.com\/wp-content\/uploads\/2021\/07\/balazs-ketyi-LPWl2pEVGKc-unsplash-1.jpg\" class=\"attachment-full size-full\" alt=\"\" srcset=\"https:\/\/bebacomputers.com\/wp-content\/uploads\/2021\/07\/balazs-ketyi-LPWl2pEVGKc-unsplash-1.jpg 1920w, https:\/\/bebacomputers.com\/wp-content\/uploads\/2021\/07\/balazs-ketyi-LPWl2pEVGKc-unsplash-1-240x300.jpg 240w, https:\/\/bebacomputers.com\/wp-content\/uploads\/2021\/07\/balazs-ketyi-LPWl2pEVGKc-unsplash-1-819x1024.jpg 819w, https:\/\/bebacomputers.com\/wp-content\/uploads\/2021\/07\/balazs-ketyi-LPWl2pEVGKc-unsplash-1-768x960.jpg 768w, https:\/\/bebacomputers.com\/wp-content\/uploads\/2021\/07\/balazs-ketyi-LPWl2pEVGKc-unsplash-1-1229x1536.jpg 1229w, https:\/\/bebacomputers.com\/wp-content\/uploads\/2021\/07\/balazs-ketyi-LPWl2pEVGKc-unsplash-1-1638x2048.jpg 1638w\" sizes=\"auto, (max-width: 1920px) 100vw, 1920px\" \/>\t\t\t\t\t\t\t\t\t\t\t\t\t\t\t<\/div>\n\t\t\t\t<\/div>\n\t\t\t\t<div class=\"elementor-element elementor-element-569b4d94 elementor-widget__width-initial elementor-widget elementor-widget-heading\" data-id=\"569b4d94\" data-element_type=\"widget\" data-widget_type=\"heading.default\">\n\t\t\t\t<div class=\"elementor-widget-container\">\n\t\t\t<h3 class=\"elementor-heading-title elementor-size-default\">Digitalni dizajn, vizuelni identitet i brendiranje<\/h3>\t\t<\/div>\n\t\t\t\t<\/div>\n\t\t\t\t<div class=\"elementor-element elementor-element-1cc34ec7 elementor-widget__width-initial elementor-widget elementor-widget-text-editor\" data-id=\"1cc34ec7\" data-element_type=\"widget\" data-widget_type=\"text-editor.default\">\n\t\t\t\t<div class=\"elementor-widget-container\">\n\t\t\t\t\t\t\t<p>Nakon opremanja Va\u0161e tvrtke opremom i ra\u010dunarima, vrijeme je da zasijate u punom sjaju na tr\u017ei\u0161tu. Nudimo Vam kreiranje vizuelnog identiteta, brendiranje i digitalni dizajn.<\/p><p>Povjerite nam kreiranje Va\u0161eg digitalnog prisustva na tr\u017ei\u0161tu, izdvojite se od konkurencije i budite prepoznatljivi.\u00a0<\/p><p>Nudimo dizajn logoa\/logotipa, web stranica, dizajniranje vizuala za dru\u0161tvene mre\u017ee, marketing, dizajn proizvoda i jo\u0161 mnogo toga.\u00a0<\/p><p>Tako\u0111er nudimo i osvje\u017eenje va\u0161eg brenda, redizajn i unaprje\u0111enje postoje\u0107ih vizuelnih identiteta.<\/p>\t\t\t\t\t\t<\/div>\n\t\t\t\t<\/div>\n\t\t\t\t\t<\/div>\n\t\t<\/div>\n\t\t\t\t\t\t\t<\/div>\n\t\t<\/section>\n\t\t\t\t<section class=\"elementor-section elementor-top-section elementor-element elementor-element-465d72f6 elementor-section-full_width elementor-section-height-min-height elementor-section-content-middle elementor-section-height-default elementor-section-items-middle\" data-id=\"465d72f6\" data-element_type=\"section\" data-settings=\"{&quot;background_background&quot;:&quot;classic&quot;}\">\n\t\t\t\t\t\t\t<div class=\"elementor-background-overlay\"><\/div>\n\t\t\t\t\t\t\t<div class=\"elementor-container elementor-column-gap-wide\">\n\t\t\t\t\t<div class=\"elementor-column elementor-col-50 elementor-top-column elementor-element elementor-element-42d9e3e0\" data-id=\"42d9e3e0\" data-element_type=\"column\">\n\t\t\t<div class=\"elementor-widget-wrap elementor-element-populated\">\n\t\t\t\t\t\t\t\t<div class=\"elementor-element elementor-element-4734b87b elementor-widget__width-initial elementor-widget elementor-widget-text-editor\" data-id=\"4734b87b\" data-element_type=\"widget\" data-widget_type=\"text-editor.default\">\n\t\t\t\t<div class=\"elementor-widget-container\">\n\t\t\t\t\t\t\t<p>Javite se i zatra\u017eite ponudu<\/p>\t\t\t\t\t\t<\/div>\n\t\t\t\t<\/div>\n\t\t\t\t\t<\/div>\n\t\t<\/div>\n\t\t\t\t<div class=\"elementor-column elementor-col-50 elementor-top-column elementor-element elementor-element-204de8fd\" data-id=\"204de8fd\" data-element_type=\"column\">\n\t\t\t<div class=\"elementor-widget-wrap elementor-element-populated\">\n\t\t\t\t\t\t\t\t<div class=\"elementor-element elementor-element-4e4652d3 elementor-align-left elementor-widget elementor-widget-button\" data-id=\"4e4652d3\" data-element_type=\"widget\" data-settings=\"{&quot;_animation&quot;:&quot;none&quot;,&quot;_animation_delay&quot;:0}\" data-widget_type=\"button.default\">\n\t\t\t\t<div class=\"elementor-widget-container\">\n\t\t\t\t\t<div class=\"elementor-button-wrapper\">\n\t\t\t<a href=\"https:\/\/bebacomputers.com\/hr\/kontakt\/\" class=\"elementor-button-link elementor-button elementor-size-md elementor-animation-grow\" role=\"button\">\n\t\t\t\t\t\t<span class=\"elementor-button-content-wrapper\">\n\t\t\t\t\t\t<span class=\"elementor-button-text\">Kontakt<\/span>\n\t\t<\/span>\n\t\t\t\t\t<\/a>\n\t\t<\/div>\n\t\t\t\t<\/div>\n\t\t\t\t<\/div>\n\t\t\t\t\t<\/div>\n\t\t<\/div>\n\t\t\t\t\t\t\t<\/div>\n\t\t<\/section>\n\t\t\t\t\t\t<\/div>\n\t\t\t\t\t<\/div>\n\t\t","protected":false},"excerpt":{"rendered":"<p>Digitalni dizajn i brendiranje Nudimo profesionalne usluge digitalnog dizajna i brendiranja Dizajn &#038; Brendiranje Digitalni dizajn, vizuelni identitet i brendiranje Nakon opremanja Va\u0161e tvrtke opremom i ra\u010dunarima, vrijeme je da zasijate u punom sjaju na tr\u017ei\u0161tu. Nudimo Vam kreiranje vizuelnog identiteta, brendiranje i digitalni dizajn. Povjerite nam kreiranje Va\u0161eg digitalnog prisustva na tr\u017ei\u0161tu, izdvojite se [&hellip;]<\/p>\n","protected":false},"author":4,"featured_media":0,"parent":1321,"menu_order":0,"comment_status":"closed","ping_status":"closed","template":"elementor_header_footer","meta":{"footnotes":""},"class_list":["post-1428","page","type-page","status-publish","hentry","entry"],"_links":{"self":[{"href":"https:\/\/bebacomputers.com\/index.php?rest_route=\/wp\/v2\/pages\/1428","targetHints":{"allow":["GET"]}}],"collection":[{"href":"https:\/\/bebacomputers.com\/index.php?rest_route=\/wp\/v2\/pages"}],"about":[{"href":"https:\/\/bebacomputers.com\/index.php?rest_route=\/wp\/v2\/types\/page"}],"author":[{"embeddable":true,"href":"https:\/\/bebacomputers.com\/index.php?rest_route=\/wp\/v2\/users\/4"}],"replies":[{"embeddable":true,"href":"https:\/\/bebacomputers.com\/index.php?rest_route=%2Fwp%2Fv2%2Fcomments&post=1428"}],"version-history":[{"count":5,"href":"https:\/\/bebacomputers.com\/index.php?rest_route=\/wp\/v2\/pages\/1428\/revisions"}],"predecessor-version":[{"id":2455,"href":"https:\/\/bebacomputers.com\/index.php?rest_route=\/wp\/v2\/pages\/1428\/revisions\/2455"}],"up":[{"embeddable":true,"href":"https:\/\/bebacomputers.com\/index.php?rest_route=\/wp\/v2\/pages\/1321"}],"wp:attachment":[{"href":"https:\/\/bebacomputers.com\/index.php?rest_route=%2Fwp%2Fv2%2Fmedia&parent=1428"}],"curies":[{"name":"wp","href":"https:\/\/api.w.org\/{rel}","templated":true}]}}