{"id":1379,"date":"2021-07-09T11:57:41","date_gmt":"2021-07-09T09:57:41","guid":{"rendered":"https:\/\/bebacomputers.com\/?page_id=1379"},"modified":"2022-01-07T00:57:46","modified_gmt":"2022-01-06T23:57:46","slug":"veleprodaja-opreme","status":"publish","type":"page","link":"https:\/\/bebacomputers.com\/?page_id=1379&lang=hr","title":{"rendered":"Veleprodaja opreme"},"content":{"rendered":"\t\t<div data-elementor-type=\"wp-page\" data-elementor-id=\"1379\" class=\"elementor elementor-1379\" data-elementor-settings=\"[]\">\n\t\t\t\t\t\t\t<div class=\"elementor-section-wrap\">\n\t\t\t\t\t\t\t<section class=\"elementor-section elementor-top-section elementor-element elementor-element-3c6d2619 elementor-section-content-middle elementor-section-height-min-height elementor-section-boxed elementor-section-height-default elementor-section-items-middle\" data-id=\"3c6d2619\" data-element_type=\"section\" data-settings=\"{&quot;background_background&quot;:&quot;classic&quot;}\">\n\t\t\t\t\t\t\t<div class=\"elementor-background-overlay\"><\/div>\n\t\t\t\t\t\t\t<div class=\"elementor-container elementor-column-gap-default\">\n\t\t\t\t\t<div class=\"elementor-column elementor-col-100 elementor-top-column elementor-element elementor-element-627f400b\" data-id=\"627f400b\" data-element_type=\"column\">\n\t\t\t<div class=\"elementor-widget-wrap elementor-element-populated\">\n\t\t\t\t\t\t\t\t<div class=\"elementor-element elementor-element-7c881820 elementor-invisible elementor-widget elementor-widget-heading\" data-id=\"7c881820\" data-element_type=\"widget\" data-settings=\"{&quot;_animation&quot;:&quot;fadeIn&quot;,&quot;_animation_delay&quot;:200}\" data-widget_type=\"heading.default\">\n\t\t\t\t<div class=\"elementor-widget-container\">\n\t\t\t<h1 class=\"elementor-heading-title elementor-size-default\">Veleprodaja samo najkvalitetnije IT opreme<\/h1>\t\t<\/div>\n\t\t\t\t<\/div>\n\t\t\t\t<div class=\"elementor-element elementor-element-4a905417 elementor-invisible elementor-widget elementor-widget-text-editor\" data-id=\"4a905417\" data-element_type=\"widget\" data-settings=\"{&quot;_animation&quot;:&quot;fadeIn&quot;,&quot;_animation_delay&quot;:200}\" data-widget_type=\"text-editor.default\">\n\t\t\t\t<div class=\"elementor-widget-container\">\n\t\t\t\t\t\t\t<p>Nudimo \u0161irok spektar ra\u010dunarske i informati\u010dke opreme, mre\u017ene infrastrukture, ra\u010dunarskih komponenti i uredskog materijala.<\/p>\t\t\t\t\t\t<\/div>\n\t\t\t\t<\/div>\n\t\t\t\t\t<\/div>\n\t\t<\/div>\n\t\t\t\t\t\t\t<\/div>\n\t\t<\/section>\n\t\t\t\t<section class=\"elementor-section elementor-top-section elementor-element elementor-element-3f5b128 elementor-section-boxed elementor-section-height-default elementor-section-height-default\" data-id=\"3f5b128\" data-element_type=\"section\" data-settings=\"{&quot;background_background&quot;:&quot;classic&quot;}\">\n\t\t\t\t\t\t<div class=\"elementor-container elementor-column-gap-default\">\n\t\t\t\t\t<div class=\"elementor-column elementor-col-100 elementor-top-column elementor-element elementor-element-7e916a49\" data-id=\"7e916a49\" data-element_type=\"column\">\n\t\t\t<div class=\"elementor-widget-wrap elementor-element-populated\">\n\t\t\t\t\t\t\t\t<div class=\"elementor-element elementor-element-1d261408 elementor-widget__width-initial elementor-widget-divider--view-line elementor-widget elementor-widget-divider\" data-id=\"1d261408\" data-element_type=\"widget\" data-widget_type=\"divider.default\">\n\t\t\t\t<div class=\"elementor-widget-container\">\n\t\t\t\t\t<div class=\"elementor-divider\">\n\t\t\t<span class=\"elementor-divider-separator\">\n\t\t\t\t\t\t<\/span>\n\t\t<\/div>\n\t\t\t\t<\/div>\n\t\t\t\t<\/div>\n\t\t\t\t<div class=\"elementor-element elementor-element-7627d02f elementor-widget__width-initial elementor-widget elementor-widget-heading\" data-id=\"7627d02f\" data-element_type=\"widget\" data-widget_type=\"heading.default\">\n\t\t\t\t<div class=\"elementor-widget-container\">\n\t\t\t<h2 class=\"elementor-heading-title elementor-size-default\">Ra\u010dunarske komponente i oprema<\/h2>\t\t<\/div>\n\t\t\t\t<\/div>\n\t\t\t\t<div class=\"elementor-element elementor-element-35b6067c elementor-widget__width-initial elementor-widget elementor-widget-image\" data-id=\"35b6067c\" data-element_type=\"widget\" data-widget_type=\"image.default\">\n\t\t\t\t<div class=\"elementor-widget-container\">\n\t\t\t\t\t\t\t\t\t\t\t\t\t\t\t<img loading=\"lazy\" decoding=\"async\" width=\"1920\" height=\"1280\" src=\"https:\/\/bebacomputers.com\/wp-content\/uploads\/2022\/01\/artiom-vallat-H-qqp_Eqaww-unsplash.jpg\" class=\"attachment-full size-full\" alt=\"\" srcset=\"https:\/\/bebacomputers.com\/wp-content\/uploads\/2022\/01\/artiom-vallat-H-qqp_Eqaww-unsplash.jpg 1920w, https:\/\/bebacomputers.com\/wp-content\/uploads\/2022\/01\/artiom-vallat-H-qqp_Eqaww-unsplash-300x200.jpg 300w, https:\/\/bebacomputers.com\/wp-content\/uploads\/2022\/01\/artiom-vallat-H-qqp_Eqaww-unsplash-1024x683.jpg 1024w, https:\/\/bebacomputers.com\/wp-content\/uploads\/2022\/01\/artiom-vallat-H-qqp_Eqaww-unsplash-768x512.jpg 768w, https:\/\/bebacomputers.com\/wp-content\/uploads\/2022\/01\/artiom-vallat-H-qqp_Eqaww-unsplash-1536x1024.jpg 1536w\" sizes=\"auto, (max-width: 1920px) 100vw, 1920px\" \/>\t\t\t\t\t\t\t\t\t\t\t\t\t\t\t<\/div>\n\t\t\t\t<\/div>\n\t\t\t\t<div class=\"elementor-element elementor-element-47cea3fa elementor-widget__width-initial elementor-widget elementor-widget-heading\" data-id=\"47cea3fa\" data-element_type=\"widget\" data-widget_type=\"heading.default\">\n\t\t\t\t<div class=\"elementor-widget-container\">\n\t\t\t<h3 class=\"elementor-heading-title elementor-size-default\">Veleprodaja ra\u010dunarske opreme<\/h3>\t\t<\/div>\n\t\t\t\t<\/div>\n\t\t\t\t<div class=\"elementor-element elementor-element-18d144b4 elementor-widget__width-initial elementor-widget elementor-widget-text-editor\" data-id=\"18d144b4\" data-element_type=\"widget\" data-widget_type=\"text-editor.default\">\n\t\t\t\t<div class=\"elementor-widget-container\">\n\t\t\t\t\t\t\t<p>Jedna od glavnih djelatnosti na\u0161e tvrtke je nabavka i veleprodaja ra\u010dunara, ra\u010dunarske opreme, ra\u010dunarskih komponenti, aksesoara, periferije, kao i uredskog materijala.\u00a0<\/p><p>Pored navedenog, u ponudi imamo i mre\u017enu i drugu IT infrastrukturu, uklju\u010duju\u0107i rutere, modeme, kablove, rack-ove i mnogo druge opreme koja Vam mo\u017ee zatrebati u Va\u0161oj novoj tvrtki.<\/p><p>Sva na\u0161a oprema je vrhunske kvalitete, certificirana i dolazi od provjerenih proizvo\u0111a\u010da i dobavlja\u010da Jugoisto\u010dne Azije.\u00a0<\/p><p>Javite nam se i opremite svoje nove kancelarije najkvalitetnijom opremom po najni\u017eim cijenama.<\/p>\t\t\t\t\t\t<\/div>\n\t\t\t\t<\/div>\n\t\t\t\t\t<\/div>\n\t\t<\/div>\n\t\t\t\t\t\t\t<\/div>\n\t\t<\/section>\n\t\t\t\t<section class=\"elementor-section elementor-top-section elementor-element elementor-element-1276c221 elementor-section-full_width elementor-section-height-min-height elementor-section-content-middle elementor-section-height-default elementor-section-items-middle\" data-id=\"1276c221\" data-element_type=\"section\" data-settings=\"{&quot;background_background&quot;:&quot;classic&quot;}\">\n\t\t\t\t\t\t\t<div class=\"elementor-background-overlay\"><\/div>\n\t\t\t\t\t\t\t<div class=\"elementor-container elementor-column-gap-wide\">\n\t\t\t\t\t<div class=\"elementor-column elementor-col-50 elementor-top-column elementor-element elementor-element-63c61861\" data-id=\"63c61861\" data-element_type=\"column\">\n\t\t\t<div class=\"elementor-widget-wrap elementor-element-populated\">\n\t\t\t\t\t\t\t\t<div class=\"elementor-element elementor-element-7cd67183 elementor-widget__width-initial elementor-widget elementor-widget-text-editor\" data-id=\"7cd67183\" data-element_type=\"widget\" data-widget_type=\"text-editor.default\">\n\t\t\t\t<div class=\"elementor-widget-container\">\n\t\t\t\t\t\t\t<p>Javite se i zatra\u017eite ponudu<\/p>\t\t\t\t\t\t<\/div>\n\t\t\t\t<\/div>\n\t\t\t\t\t<\/div>\n\t\t<\/div>\n\t\t\t\t<div class=\"elementor-column elementor-col-50 elementor-top-column elementor-element elementor-element-6fe877c7\" data-id=\"6fe877c7\" data-element_type=\"column\">\n\t\t\t<div class=\"elementor-widget-wrap elementor-element-populated\">\n\t\t\t\t\t\t\t\t<div class=\"elementor-element elementor-element-d18ee21 elementor-align-left elementor-widget elementor-widget-button\" data-id=\"d18ee21\" data-element_type=\"widget\" data-settings=\"{&quot;_animation&quot;:&quot;none&quot;,&quot;_animation_delay&quot;:0}\" data-widget_type=\"button.default\">\n\t\t\t\t<div class=\"elementor-widget-container\">\n\t\t\t\t\t<div class=\"elementor-button-wrapper\">\n\t\t\t<a href=\"https:\/\/bebacomputers.com\/hr\/kontakt\/\" class=\"elementor-button-link elementor-button elementor-size-md elementor-animation-grow\" role=\"button\">\n\t\t\t\t\t\t<span class=\"elementor-button-content-wrapper\">\n\t\t\t\t\t\t<span class=\"elementor-button-text\">Kontakt<\/span>\n\t\t<\/span>\n\t\t\t\t\t<\/a>\n\t\t<\/div>\n\t\t\t\t<\/div>\n\t\t\t\t<\/div>\n\t\t\t\t\t<\/div>\n\t\t<\/div>\n\t\t\t\t\t\t\t<\/div>\n\t\t<\/section>\n\t\t\t\t\t\t<\/div>\n\t\t\t\t\t<\/div>\n\t\t","protected":false},"excerpt":{"rendered":"<p>Veleprodaja samo najkvalitetnije IT opreme Nudimo \u0161irok spektar ra\u010dunarske i informati\u010dke opreme, mre\u017ene infrastrukture, ra\u010dunarskih komponenti i uredskog materijala. Ra\u010dunarske komponente i oprema Veleprodaja ra\u010dunarske opreme Jedna od glavnih djelatnosti na\u0161e tvrtke je nabavka i veleprodaja ra\u010dunara, ra\u010dunarske opreme, ra\u010dunarskih komponenti, aksesoara, periferije, kao i uredskog materijala.\u00a0 Pored navedenog, u ponudi imamo i mre\u017enu i [&hellip;]<\/p>\n","protected":false},"author":4,"featured_media":0,"parent":1321,"menu_order":0,"comment_status":"closed","ping_status":"closed","template":"elementor_header_footer","meta":{"footnotes":""},"class_list":["post-1379","page","type-page","status-publish","hentry","entry"],"_links":{"self":[{"href":"https:\/\/bebacomputers.com\/index.php?rest_route=\/wp\/v2\/pages\/1379","targetHints":{"allow":["GET"]}}],"collection":[{"href":"https:\/\/bebacomputers.com\/index.php?rest_route=\/wp\/v2\/pages"}],"about":[{"href":"https:\/\/bebacomputers.com\/index.php?rest_route=\/wp\/v2\/types\/page"}],"author":[{"embeddable":true,"href":"https:\/\/bebacomputers.com\/index.php?rest_route=\/wp\/v2\/users\/4"}],"replies":[{"embeddable":true,"href":"https:\/\/bebacomputers.com\/index.php?rest_route=%2Fwp%2Fv2%2Fcomments&post=1379"}],"version-history":[{"count":5,"href":"https:\/\/bebacomputers.com\/index.php?rest_route=\/wp\/v2\/pages\/1379\/revisions"}],"predecessor-version":[{"id":2464,"href":"https:\/\/bebacomputers.com\/index.php?rest_route=\/wp\/v2\/pages\/1379\/revisions\/2464"}],"up":[{"embeddable":true,"href":"https:\/\/bebacomputers.com\/index.php?rest_route=\/wp\/v2\/pages\/1321"}],"wp:attachment":[{"href":"https:\/\/bebacomputers.com\/index.php?rest_route=%2Fwp%2Fv2%2Fmedia&parent=1379"}],"curies":[{"name":"wp","href":"https:\/\/api.w.org\/{rel}","templated":true}]}}